{"id":2506,"date":"2025-02-10T06:00:13","date_gmt":"2025-02-10T06:00:13","guid":{"rendered":"https:\/\/morettisuits.com\/?post_type=product&#038;p=2506"},"modified":"2025-02-10T06:01:19","modified_gmt":"2025-02-10T06:01:19","slug":"3-piece-mixed-wool-suit-7","status":"publish","type":"product","link":"https:\/\/morettisuits.com\/fr\/product\/3-piece-mixed-wool-suit-7\/","title":{"rendered":"COSTUME 3 PI\u00c8CES EN LAINE M\u00c9LANG\u00c9E"},"content":{"rendered":"","protected":false},"excerpt":{"rendered":"<p>Costume en laine 100% de haute qualit\u00e9 et \u00e9l\u00e9gant<\/p>\n","protected":false},"featured_media":2508,"template":"","meta":[],"_links":{"self":[{"href":"https:\/\/morettisuits.com\/fr\/wp-json\/wp\/v2\/product\/2506"}],"collection":[{"href":"https:\/\/morettisuits.com\/fr\/wp-json\/wp\/v2\/product"}],"about":[{"href":"https:\/\/morettisuits.com\/fr\/wp-json\/wp\/v2\/types\/product"}],"wp:featuredmedia":[{"embeddable":true,"href":"https:\/\/morettisuits.com\/fr\/wp-json\/wp\/v2\/media\/2508"}],"wp:attachment":[{"href":"https:\/\/morettisuits.com\/fr\/wp-json\/wp\/v2\/media?parent=2506"}],"curies":[{"name":"wp","href":"https:\/\/api.w.org\/{rel}","templated":true}]}}