{"id":2500,"date":"2025-02-10T05:55:34","date_gmt":"2025-02-10T05:55:34","guid":{"rendered":"https:\/\/morettisuits.com\/?post_type=product&#038;p=2500"},"modified":"2025-02-10T05:57:02","modified_gmt":"2025-02-10T05:57:02","slug":"3-piece-mixed-wool-suit-5","status":"publish","type":"product","link":"https:\/\/morettisuits.com\/fr\/product\/3-piece-mixed-wool-suit-5\/","title":{"rendered":"COSTUME 3 PI\u00c8CES EN LAINE M\u00c9LANG\u00c9E"},"content":{"rendered":"","protected":false},"excerpt":{"rendered":"<p>Costume en laine 100% de haute qualit\u00e9 et \u00e9l\u00e9gant<\/p>\n","protected":false},"featured_media":2502,"template":"","meta":[],"_links":{"self":[{"href":"https:\/\/morettisuits.com\/fr\/wp-json\/wp\/v2\/product\/2500"}],"collection":[{"href":"https:\/\/morettisuits.com\/fr\/wp-json\/wp\/v2\/product"}],"about":[{"href":"https:\/\/morettisuits.com\/fr\/wp-json\/wp\/v2\/types\/product"}],"wp:featuredmedia":[{"embeddable":true,"href":"https:\/\/morettisuits.com\/fr\/wp-json\/wp\/v2\/media\/2502"}],"wp:attachment":[{"href":"https:\/\/morettisuits.com\/fr\/wp-json\/wp\/v2\/media?parent=2500"}],"curies":[{"name":"wp","href":"https:\/\/api.w.org\/{rel}","templated":true}]}}