{"id":2497,"date":"2025-02-10T05:54:08","date_gmt":"2025-02-10T05:54:08","guid":{"rendered":"https:\/\/morettisuits.com\/?post_type=product&#038;p=2497"},"modified":"2025-02-10T05:55:18","modified_gmt":"2025-02-10T05:55:18","slug":"3-piece-mixed-wool-suit-4","status":"publish","type":"product","link":"https:\/\/morettisuits.com\/fr\/product\/3-piece-mixed-wool-suit-4\/","title":{"rendered":"COSTUME 3 PI\u00c8CES EN LAINE M\u00c9LANG\u00c9E"},"content":{"rendered":"","protected":false},"excerpt":{"rendered":"<p>Costume en laine 100% de haute qualit\u00e9 et \u00e9l\u00e9gant<\/p>\n","protected":false},"featured_media":2499,"template":"","meta":[],"_links":{"self":[{"href":"https:\/\/morettisuits.com\/fr\/wp-json\/wp\/v2\/product\/2497"}],"collection":[{"href":"https:\/\/morettisuits.com\/fr\/wp-json\/wp\/v2\/product"}],"about":[{"href":"https:\/\/morettisuits.com\/fr\/wp-json\/wp\/v2\/types\/product"}],"wp:featuredmedia":[{"embeddable":true,"href":"https:\/\/morettisuits.com\/fr\/wp-json\/wp\/v2\/media\/2499"}],"wp:attachment":[{"href":"https:\/\/morettisuits.com\/fr\/wp-json\/wp\/v2\/media?parent=2497"}],"curies":[{"name":"wp","href":"https:\/\/api.w.org\/{rel}","templated":true}]}}