{"id":2491,"date":"2025-02-10T05:39:55","date_gmt":"2025-02-10T05:39:55","guid":{"rendered":"https:\/\/morettisuits.com\/?post_type=product&#038;p=2491"},"modified":"2025-02-10T05:42:13","modified_gmt":"2025-02-10T05:42:13","slug":"3-piece-mixed-wool-suit-2","status":"publish","type":"product","link":"https:\/\/morettisuits.com\/fr\/product\/3-piece-mixed-wool-suit-2\/","title":{"rendered":"COSTUME 3 PI\u00c8CES EN LAINE M\u00c9LANG\u00c9E"},"content":{"rendered":"","protected":false},"excerpt":{"rendered":"","protected":false},"featured_media":2493,"template":"","meta":[],"_links":{"self":[{"href":"https:\/\/morettisuits.com\/fr\/wp-json\/wp\/v2\/product\/2491"}],"collection":[{"href":"https:\/\/morettisuits.com\/fr\/wp-json\/wp\/v2\/product"}],"about":[{"href":"https:\/\/morettisuits.com\/fr\/wp-json\/wp\/v2\/types\/product"}],"wp:featuredmedia":[{"embeddable":true,"href":"https:\/\/morettisuits.com\/fr\/wp-json\/wp\/v2\/media\/2493"}],"wp:attachment":[{"href":"https:\/\/morettisuits.com\/fr\/wp-json\/wp\/v2\/media?parent=2491"}],"curies":[{"name":"wp","href":"https:\/\/api.w.org\/{rel}","templated":true}]}}