{"id":2481,"date":"2025-02-10T02:26:18","date_gmt":"2025-02-10T02:26:18","guid":{"rendered":"https:\/\/morettisuits.com\/?post_type=product&#038;p=2481"},"modified":"2025-02-10T04:59:34","modified_gmt":"2025-02-10T04:59:34","slug":"italian-wool-suit","status":"publish","type":"product","link":"https:\/\/morettisuits.com\/fr\/product\/italian-wool-suit\/","title":{"rendered":"COSTUME EN LAINE ITALIEN"},"content":{"rendered":"","protected":false},"excerpt":{"rendered":"<p>Costume en laine 100% de haute qualit\u00e9 et \u00e9l\u00e9gant<\/p>\n","protected":false},"featured_media":2483,"template":"","meta":[],"_links":{"self":[{"href":"https:\/\/morettisuits.com\/fr\/wp-json\/wp\/v2\/product\/2481"}],"collection":[{"href":"https:\/\/morettisuits.com\/fr\/wp-json\/wp\/v2\/product"}],"about":[{"href":"https:\/\/morettisuits.com\/fr\/wp-json\/wp\/v2\/types\/product"}],"wp:featuredmedia":[{"embeddable":true,"href":"https:\/\/morettisuits.com\/fr\/wp-json\/wp\/v2\/media\/2483"}],"wp:attachment":[{"href":"https:\/\/morettisuits.com\/fr\/wp-json\/wp\/v2\/media?parent=2481"}],"curies":[{"name":"wp","href":"https:\/\/api.w.org\/{rel}","templated":true}]}}