{"id":2475,"date":"2025-02-09T21:30:41","date_gmt":"2025-02-09T21:30:41","guid":{"rendered":"https:\/\/morettisuits.com\/?post_type=product&#038;p=2475"},"modified":"2025-02-09T21:33:55","modified_gmt":"2025-02-09T21:33:55","slug":"classic-wool-suit-3","status":"publish","type":"product","link":"https:\/\/morettisuits.com\/fr\/product\/classic-wool-suit-3\/","title":{"rendered":"COSTUME EN LAINE CLASSIQUE"},"content":{"rendered":"","protected":false},"excerpt":{"rendered":"<p>Costume en laine 100% de haute qualit\u00e9 et \u00e9l\u00e9gant<\/p>\n","protected":false},"featured_media":2477,"template":"","meta":[],"_links":{"self":[{"href":"https:\/\/morettisuits.com\/fr\/wp-json\/wp\/v2\/product\/2475"}],"collection":[{"href":"https:\/\/morettisuits.com\/fr\/wp-json\/wp\/v2\/product"}],"about":[{"href":"https:\/\/morettisuits.com\/fr\/wp-json\/wp\/v2\/types\/product"}],"wp:featuredmedia":[{"embeddable":true,"href":"https:\/\/morettisuits.com\/fr\/wp-json\/wp\/v2\/media\/2477"}],"wp:attachment":[{"href":"https:\/\/morettisuits.com\/fr\/wp-json\/wp\/v2\/media?parent=2475"}],"curies":[{"name":"wp","href":"https:\/\/api.w.org\/{rel}","templated":true}]}}