{"id":2468,"date":"2025-02-09T18:43:49","date_gmt":"2025-02-09T18:43:49","guid":{"rendered":"https:\/\/morettisuits.com\/?post_type=product&#038;p=2468"},"modified":"2025-02-09T19:07:33","modified_gmt":"2025-02-09T19:07:33","slug":"classic-wool-suit-1","status":"publish","type":"product","link":"https:\/\/morettisuits.com\/fr\/product\/classic-wool-suit-1\/","title":{"rendered":"COSTUME EN LAINE CLASSIQUE"},"content":{"rendered":"","protected":false},"excerpt":{"rendered":"<p>Costume en laine 100% de haute qualit\u00e9 et \u00e9l\u00e9gant<\/p>\n","protected":false},"featured_media":2470,"template":"","meta":[],"_links":{"self":[{"href":"https:\/\/morettisuits.com\/fr\/wp-json\/wp\/v2\/product\/2468"}],"collection":[{"href":"https:\/\/morettisuits.com\/fr\/wp-json\/wp\/v2\/product"}],"about":[{"href":"https:\/\/morettisuits.com\/fr\/wp-json\/wp\/v2\/types\/product"}],"wp:featuredmedia":[{"embeddable":true,"href":"https:\/\/morettisuits.com\/fr\/wp-json\/wp\/v2\/media\/2470"}],"wp:attachment":[{"href":"https:\/\/morettisuits.com\/fr\/wp-json\/wp\/v2\/media?parent=2468"}],"curies":[{"name":"wp","href":"https:\/\/api.w.org\/{rel}","templated":true}]}}