{"id":2381,"date":"2024-06-13T17:32:29","date_gmt":"2024-06-13T17:32:29","guid":{"rendered":"https:\/\/morettisuits.com\/?post_type=product&#038;p=2381"},"modified":"2024-06-13T17:44:55","modified_gmt":"2024-06-13T17:44:55","slug":"casual-business-fit-kit-5","status":"publish","type":"product","link":"https:\/\/morettisuits.com\/fr\/product\/casual-business-fit-kit-5\/","title":{"rendered":"TENUE D\u00c9CONTRACT\u00c9E D&rsquo;AFFAIRES"},"content":{"rendered":"","protected":false},"excerpt":{"rendered":"<p>S\u00e9lection de vestes d&rsquo;\u00e9t\u00e9 en coton et en laine m\u00e9lang\u00e9e. Soyez confiant et \u00e0 l&rsquo;aise tout au long de la journ\u00e9e.<\/p>\n","protected":false},"featured_media":2385,"template":"","meta":[],"_links":{"self":[{"href":"https:\/\/morettisuits.com\/fr\/wp-json\/wp\/v2\/product\/2381"}],"collection":[{"href":"https:\/\/morettisuits.com\/fr\/wp-json\/wp\/v2\/product"}],"about":[{"href":"https:\/\/morettisuits.com\/fr\/wp-json\/wp\/v2\/types\/product"}],"wp:featuredmedia":[{"embeddable":true,"href":"https:\/\/morettisuits.com\/fr\/wp-json\/wp\/v2\/media\/2385"}],"wp:attachment":[{"href":"https:\/\/morettisuits.com\/fr\/wp-json\/wp\/v2\/media?parent=2381"}],"curies":[{"name":"wp","href":"https:\/\/api.w.org\/{rel}","templated":true}]}}