{"id":2350,"date":"2024-06-13T03:19:26","date_gmt":"2024-06-13T03:19:26","guid":{"rendered":"https:\/\/morettisuits.com\/?post_type=product&#038;p=2350"},"modified":"2025-02-09T21:37:01","modified_gmt":"2025-02-09T21:37:01","slug":"100-wool-suit","status":"publish","type":"product","link":"https:\/\/morettisuits.com\/fr\/product\/100-wool-suit\/","title":{"rendered":"COSTUME EN LAINE 100%"},"content":{"rendered":"","protected":false},"excerpt":{"rendered":"<p>Costume en laine 100% de haute qualit\u00e9 et \u00e9l\u00e9gant<\/p>\n","protected":false},"featured_media":2352,"template":"","meta":[],"_links":{"self":[{"href":"https:\/\/morettisuits.com\/fr\/wp-json\/wp\/v2\/product\/2350"}],"collection":[{"href":"https:\/\/morettisuits.com\/fr\/wp-json\/wp\/v2\/product"}],"about":[{"href":"https:\/\/morettisuits.com\/fr\/wp-json\/wp\/v2\/types\/product"}],"wp:featuredmedia":[{"embeddable":true,"href":"https:\/\/morettisuits.com\/fr\/wp-json\/wp\/v2\/media\/2352"}],"wp:attachment":[{"href":"https:\/\/morettisuits.com\/fr\/wp-json\/wp\/v2\/media?parent=2350"}],"curies":[{"name":"wp","href":"https:\/\/api.w.org\/{rel}","templated":true}]}}