{"id":2253,"date":"2023-04-14T22:38:12","date_gmt":"2023-04-14T22:38:12","guid":{"rendered":"https:\/\/morettisuits.com\/?post_type=product&#038;p=2253"},"modified":"2025-02-09T18:38:28","modified_gmt":"2025-02-09T18:38:28","slug":"suit-hidden-checkers-202304","status":"publish","type":"product","link":"https:\/\/morettisuits.com\/fr\/product\/suit-hidden-checkers-202304\/","title":{"rendered":"COSTUME \u00c0 DAMIERS CACH\u00c9S"},"content":{"rendered":"","protected":false},"excerpt":{"rendered":"<p>Veste d\u00e9contract\u00e9e en coton et en laine<\/p>\n","protected":false},"featured_media":2466,"template":"","meta":[],"_links":{"self":[{"href":"https:\/\/morettisuits.com\/fr\/wp-json\/wp\/v2\/product\/2253"}],"collection":[{"href":"https:\/\/morettisuits.com\/fr\/wp-json\/wp\/v2\/product"}],"about":[{"href":"https:\/\/morettisuits.com\/fr\/wp-json\/wp\/v2\/types\/product"}],"wp:featuredmedia":[{"embeddable":true,"href":"https:\/\/morettisuits.com\/fr\/wp-json\/wp\/v2\/media\/2466"}],"wp:attachment":[{"href":"https:\/\/morettisuits.com\/fr\/wp-json\/wp\/v2\/media?parent=2253"}],"curies":[{"name":"wp","href":"https:\/\/api.w.org\/{rel}","templated":true}]}}