{"id":2247,"date":"2023-04-14T22:34:49","date_gmt":"2023-04-14T22:34:49","guid":{"rendered":"https:\/\/morettisuits.com\/?post_type=product&#038;p=2247"},"modified":"2023-04-14T22:36:06","modified_gmt":"2023-04-14T22:36:06","slug":"casual-jacket-202304-6","status":"publish","type":"product","link":"https:\/\/morettisuits.com\/fr\/product\/casual-jacket-202304-6\/","title":{"rendered":"VESTE D\u00c9CONTRACT\u00c9E"},"content":{"rendered":"","protected":false},"excerpt":{"rendered":"<p>Veste d\u00e9contract\u00e9e en coton et en laine<\/p>\n","protected":false},"featured_media":2249,"template":"","meta":[],"_links":{"self":[{"href":"https:\/\/morettisuits.com\/fr\/wp-json\/wp\/v2\/product\/2247"}],"collection":[{"href":"https:\/\/morettisuits.com\/fr\/wp-json\/wp\/v2\/product"}],"about":[{"href":"https:\/\/morettisuits.com\/fr\/wp-json\/wp\/v2\/types\/product"}],"wp:featuredmedia":[{"embeddable":true,"href":"https:\/\/morettisuits.com\/fr\/wp-json\/wp\/v2\/media\/2249"}],"wp:attachment":[{"href":"https:\/\/morettisuits.com\/fr\/wp-json\/wp\/v2\/media?parent=2247"}],"curies":[{"name":"wp","href":"https:\/\/api.w.org\/{rel}","templated":true}]}}