{"id":2238,"date":"2023-04-14T22:28:49","date_gmt":"2023-04-14T22:28:49","guid":{"rendered":"https:\/\/morettisuits.com\/?post_type=product&#038;p=2238"},"modified":"2023-04-14T22:30:49","modified_gmt":"2023-04-14T22:30:49","slug":"casual-jacket-202304-3","status":"publish","type":"product","link":"https:\/\/morettisuits.com\/fr\/product\/casual-jacket-202304-3\/","title":{"rendered":"VESTE D\u00c9CONTRACT\u00c9E"},"content":{"rendered":"","protected":false},"excerpt":{"rendered":"<p>Veste d\u00e9contract\u00e9e en coton et en laine<\/p>\n","protected":false},"featured_media":2240,"template":"","meta":[],"_links":{"self":[{"href":"https:\/\/morettisuits.com\/fr\/wp-json\/wp\/v2\/product\/2238"}],"collection":[{"href":"https:\/\/morettisuits.com\/fr\/wp-json\/wp\/v2\/product"}],"about":[{"href":"https:\/\/morettisuits.com\/fr\/wp-json\/wp\/v2\/types\/product"}],"wp:featuredmedia":[{"embeddable":true,"href":"https:\/\/morettisuits.com\/fr\/wp-json\/wp\/v2\/media\/2240"}],"wp:attachment":[{"href":"https:\/\/morettisuits.com\/fr\/wp-json\/wp\/v2\/media?parent=2238"}],"curies":[{"name":"wp","href":"https:\/\/api.w.org\/{rel}","templated":true}]}}