{"id":2232,"date":"2023-04-14T16:21:56","date_gmt":"2023-04-14T16:21:56","guid":{"rendered":"https:\/\/morettisuits.com\/?post_type=product&#038;p=2232"},"modified":"2023-04-14T16:25:21","modified_gmt":"2023-04-14T16:25:21","slug":"casual-jacket-202304-1","status":"publish","type":"product","link":"https:\/\/morettisuits.com\/fr\/product\/casual-jacket-202304-1\/","title":{"rendered":"VESTE D\u00c9CONTRACT\u00c9E"},"content":{"rendered":"","protected":false},"excerpt":{"rendered":"<p>Veste d\u00e9contract\u00e9e en coton et en laine<\/p>\n","protected":false},"featured_media":2234,"template":"","meta":[],"_links":{"self":[{"href":"https:\/\/morettisuits.com\/fr\/wp-json\/wp\/v2\/product\/2232"}],"collection":[{"href":"https:\/\/morettisuits.com\/fr\/wp-json\/wp\/v2\/product"}],"about":[{"href":"https:\/\/morettisuits.com\/fr\/wp-json\/wp\/v2\/types\/product"}],"wp:featuredmedia":[{"embeddable":true,"href":"https:\/\/morettisuits.com\/fr\/wp-json\/wp\/v2\/media\/2234"}],"wp:attachment":[{"href":"https:\/\/morettisuits.com\/fr\/wp-json\/wp\/v2\/media?parent=2232"}],"curies":[{"name":"wp","href":"https:\/\/api.w.org\/{rel}","templated":true}]}}