{"id":2194,"date":"2022-04-25T20:56:46","date_gmt":"2022-04-25T20:56:46","guid":{"rendered":"https:\/\/morettisuits.com\/?post_type=product&#038;p=2194"},"modified":"2022-04-25T20:59:20","modified_gmt":"2022-04-25T20:59:20","slug":"casual-jacket-1","status":"publish","type":"product","link":"https:\/\/morettisuits.com\/fr\/product\/casual-jacket-1\/","title":{"rendered":"VESTE D\u00c9CONTRACT\u00c9E"},"content":{"rendered":"","protected":false},"excerpt":{"rendered":"<p>Veste d\u00e9contract\u00e9e en coton et en laine<\/p>\n","protected":false},"featured_media":2196,"template":"","meta":[],"_links":{"self":[{"href":"https:\/\/morettisuits.com\/fr\/wp-json\/wp\/v2\/product\/2194"}],"collection":[{"href":"https:\/\/morettisuits.com\/fr\/wp-json\/wp\/v2\/product"}],"about":[{"href":"https:\/\/morettisuits.com\/fr\/wp-json\/wp\/v2\/types\/product"}],"wp:featuredmedia":[{"embeddable":true,"href":"https:\/\/morettisuits.com\/fr\/wp-json\/wp\/v2\/media\/2196"}],"wp:attachment":[{"href":"https:\/\/morettisuits.com\/fr\/wp-json\/wp\/v2\/media?parent=2194"}],"curies":[{"name":"wp","href":"https:\/\/api.w.org\/{rel}","templated":true}]}}