{"id":2184,"date":"2022-04-25T20:47:02","date_gmt":"2022-04-25T20:47:02","guid":{"rendered":"https:\/\/morettisuits.com\/?post_type=product&#038;p=2184"},"modified":"2022-04-25T20:49:04","modified_gmt":"2022-04-25T20:49:04","slug":"casual-jacket-4","status":"publish","type":"product","link":"https:\/\/morettisuits.com\/fr\/product\/casual-jacket-4\/","title":{"rendered":"VESTE D\u00c9CONTRACT\u00c9E"},"content":{"rendered":"","protected":false},"excerpt":{"rendered":"<p>Veste d\u00e9contract\u00e9e en coton et en laine<\/p>\n","protected":false},"featured_media":2186,"template":"","meta":[],"_links":{"self":[{"href":"https:\/\/morettisuits.com\/fr\/wp-json\/wp\/v2\/product\/2184"}],"collection":[{"href":"https:\/\/morettisuits.com\/fr\/wp-json\/wp\/v2\/product"}],"about":[{"href":"https:\/\/morettisuits.com\/fr\/wp-json\/wp\/v2\/types\/product"}],"wp:featuredmedia":[{"embeddable":true,"href":"https:\/\/morettisuits.com\/fr\/wp-json\/wp\/v2\/media\/2186"}],"wp:attachment":[{"href":"https:\/\/morettisuits.com\/fr\/wp-json\/wp\/v2\/media?parent=2184"}],"curies":[{"name":"wp","href":"https:\/\/api.w.org\/{rel}","templated":true}]}}