{"id":2170,"date":"2022-04-25T20:23:53","date_gmt":"2022-04-25T20:23:53","guid":{"rendered":"https:\/\/morettisuits.com\/?post_type=product&#038;p=2170"},"modified":"2022-04-25T20:24:31","modified_gmt":"2022-04-25T20:24:31","slug":"casual-jacket-7","status":"publish","type":"product","link":"https:\/\/morettisuits.com\/fr\/product\/casual-jacket-7\/","title":{"rendered":"VESTE D\u00c9CONTRACT\u00c9E"},"content":{"rendered":"","protected":false},"excerpt":{"rendered":"<p>Veste d\u00e9contract\u00e9e en coton et en laine<\/p>\n","protected":false},"featured_media":2169,"template":"","meta":[],"_links":{"self":[{"href":"https:\/\/morettisuits.com\/fr\/wp-json\/wp\/v2\/product\/2170"}],"collection":[{"href":"https:\/\/morettisuits.com\/fr\/wp-json\/wp\/v2\/product"}],"about":[{"href":"https:\/\/morettisuits.com\/fr\/wp-json\/wp\/v2\/types\/product"}],"wp:featuredmedia":[{"embeddable":true,"href":"https:\/\/morettisuits.com\/fr\/wp-json\/wp\/v2\/media\/2169"}],"wp:attachment":[{"href":"https:\/\/morettisuits.com\/fr\/wp-json\/wp\/v2\/media?parent=2170"}],"curies":[{"name":"wp","href":"https:\/\/api.w.org\/{rel}","templated":true}]}}