{"id":1299,"date":"2018-12-17T05:20:22","date_gmt":"2018-12-17T05:20:22","guid":{"rendered":"https:\/\/morettisuits.com\/?page_id=1299"},"modified":"2026-02-05T19:41:12","modified_gmt":"2026-02-05T19:41:12","slug":"contact-us","status":"publish","type":"page","link":"https:\/\/morettisuits.com\/fr\/contact-us\/","title":{"rendered":"CONTACTEZ NOUS"},"content":{"rendered":"<p>[vc_row full_width=\u00a0\u00bbstretch_row_content\u00a0\u00bb equal_height=\u00a0\u00bbyes\u00a0\u00bb][vc_column width=\u00a0\u00bb1\/2&Prime; css=\u00a0\u00bb.vc_custom_1497225698431{padding-right: 0px !important;padding-left: 0px !important;}\u00a0\u00bb][vc_gmaps link=\u00a0\u00bb#E-8_JTNDaWZyYW1lJTIwc3JjJTNEJTIyaHR0cHMlM0ElMkYlMkZ3d3cuZ29vZ2xlLmNvbSUyRm1hcHMlMkZlbWJlZCUzRnBiJTNEJTIxMW0xOCUyMTFtMTIlMjExbTMlMjExZDU1ODkuMzU1NzkyODg4NzA0JTIxMmQtNzMuNjU1NDQ3MDIzNTA3MzglMjEzZDQ1LjUzNjY4NzAyODU5OTExJTIxMm0zJTIxMWYwJTIxMmYwJTIxM2YwJTIxM20yJTIxMWkxMDI0JTIxMmk3NjglMjE0ZjEzLjElMjEzbTMlMjExbTIlMjExczB4NGNjOTE4ZjAwYTNmZmZmZiUyNTNBMHhlYjU5MGQzNTZhYjIyNmMxJTIxMnNNb3JldHRpJTIxNWUwJTIxM20yJTIxMXNlbiUyMTJzY2ElMjE0djE3MTg2ODE4ODAyMzclMjE1bTIlMjExc2VuJTIxMnNjYSUyMiUyMHdpZHRoJTNEJTIyNjAwJTIyJTIwaGVpZ2h0JTNEJTIyNDUwJTIyJTIwc3R5bGUlM0QlMjJib3JkZXIlM0EwJTNCJTIyJTIwYWxsb3dmdWxsc2NyZWVuJTNEJTIyJTIyJTIwbG9hZGluZyUzRCUyMmxhenklMjIlMjByZWZlcnJlcnBvbGljeSUzRCUyMm5vLXJlZmVycmVyLXdoZW4tZG93bmdyYWRlJTIyJTNFJTNDJTJGaWZyYW1lJTNF\u00a0\u00bb][\/vc_column][vc_column width=\u00a0\u00bb1\/2&Prime; el_class=\u00a0\u00bbmax-width-570&Prime; css=\u00a0\u00bb.vc_custom_1545158851172{padding-right: 50px !important;padding-left: 50px !important;}\u00a0\u00bb][la_heading tag=\u00a0\u00bbh3&Prime; alignment=\u00a0\u00bbleft\u00a0\u00bb spacer=\u00a0\u00bbline\u00a0\u00bb spacer_position=\u00a0\u00bbmiddle\u00a0\u00bb line_height=\u00a0\u00bb2&Prime; line_width=\u00a0\u00bblg:100px;\u00a0\u00bb el_class=\u00a0\u00bbmargin-bottom-50&Prime; line_color=\u00a0\u00bb#dcb875&Prime; title=\u00a0\u00bbFaites-nous savoir ce que vous avez \u00e0 l&rsquo;esprit et nous vous r\u00e9pondrons dans les plus brefs d\u00e9lais !\u00a0\u00bb]<!--Lorem ipsum dolor sit amet, consectetur adipiscing elit. Mauris su-->[\/la_heading]<div role=\"form\" class=\"wpcf7\" id=\"wpcf7-f1077-o2\" lang=\"en-US\" dir=\"ltr\">\n<div class=\"screen-reader-response\"><p role=\"status\" aria-live=\"polite\" aria-atomic=\"true\"><\/p> <ul><\/ul><\/div>\n<form action=\"\/fr\/wp-json\/wp\/v2\/pages\/1299#wpcf7-f1077-o2\" method=\"post\" class=\"wpcf7-form init\" novalidate=\"novalidate\" data-status=\"init\">\n<div style=\"display: none;\">\n<input type=\"hidden\" name=\"_wpcf7\" value=\"1077\" \/>\n<input type=\"hidden\" name=\"_wpcf7_version\" value=\"5.3.2\" \/>\n<input type=\"hidden\" name=\"_wpcf7_locale\" value=\"en_US\" \/>\n<input type=\"hidden\" name=\"_wpcf7_unit_tag\" value=\"wpcf7-f1077-o2\" \/>\n<input type=\"hidden\" name=\"_wpcf7_container_post\" value=\"0\" \/>\n<input type=\"hidden\" name=\"_wpcf7_posted_data_hash\" value=\"\" \/>\n<input type=\"hidden\" name=\"_wpcf7_recaptcha_response\" value=\"\" \/>\n<\/div>\n<div class=\"cf7-style-default\">\n<div class=\"row\">\n<div class=\"col-xs-12\"><span class=\"wpcf7-form-control-wrap your-name\"><input type=\"text\" name=\"your-name\" value=\"\" size=\"40\" class=\"wpcf7-form-control wpcf7-text wpcf7-validates-as-required\" aria-required=\"true\" aria-invalid=\"false\" placeholder=\"Your Name (required)\" \/><\/span><\/div>\n<\/div>\n<div class=\"row\">\n<div class=\"col-xs-12\"><span class=\"wpcf7-form-control-wrap your-email\"><input type=\"email\" name=\"your-email\" value=\"\" size=\"40\" class=\"wpcf7-form-control wpcf7-text wpcf7-email wpcf7-validates-as-required wpcf7-validates-as-email\" aria-required=\"true\" aria-invalid=\"false\" placeholder=\"Email Address (required)\" \/><\/span><\/div>\n<\/div>\n<div class=\"row\">\n<div class=\"col-xs-12\"><span class=\"wpcf7-form-control-wrap your-subject\"><input type=\"text\" name=\"your-subject\" value=\"\" size=\"40\" class=\"wpcf7-form-control wpcf7-text wpcf7-validates-as-required\" aria-required=\"true\" aria-invalid=\"false\" placeholder=\"Subject (required)\" \/><\/span><\/div>\n<\/div>\n<div class=\"row\">\n<div class=\"col-xs-12\"><span class=\"wpcf7-form-control-wrap your-message\"><textarea name=\"your-message\" cols=\"40\" rows=\"4\" class=\"wpcf7-form-control wpcf7-textarea wpcf7-validates-as-required\" aria-required=\"true\" aria-invalid=\"false\" placeholder=\"Your Message (required)\"><\/textarea><\/span><\/div>\n<\/div>\n<div class=\"row\">\n<div class=\"col-xs-12\"><input type=\"submit\" value=\"SEND MESSAGE\" class=\"wpcf7-form-control wpcf7-submit btn btn-style-flat btn-color-black size-full\" \/><\/div>\n<\/div>\n<\/div>\n<p style=\"display: none !important;\"><label>&#916;<textarea name=\"_wpcf7_ak_hp_textarea\" cols=\"45\" rows=\"8\" maxlength=\"100\"><\/textarea><\/label><input type=\"hidden\" id=\"ak_js_2\" name=\"_wpcf7_ak_js\" value=\"174\"\/><script>document.getElementById( \"ak_js_2\" ).setAttribute( \"value\", ( new Date() ).getTime() );<\/script><\/p><div class=\"wpcf7-response-output\" aria-hidden=\"true\"><\/div><\/form><\/div>[la_divider height=\u00a0\u00bblg:35px;\u00a0\u00bb][vc_row_inner][vc_column_inner width=\u00a0\u00bb1\/3&Prime; css=\u00a0\u00bb.vc_custom_1497225305278{padding-right: 0px !important;padding-left: 0px !important;}\u00a0\u00bb][la_icon_boxes icon_type=\u00a0\u00bbla_icon_outline\u00a0\u00bb icon_la_icon_outline=\u00a0\u00bbla-icon ui-3_phone-call\u00a0\u00bb icon_pos=\u00a0\u00bbtop\u00a0\u00bb icon_size=\u00a0\u00bb30&Prime; icon_nucleo_outline=\u00a0\u00bbnc-icon-outline ui-3_phone-call\u00a0\u00bb icon_color=\u00a0\u00bb#343538&Prime; el_class=\u00a0\u00bbtext-center\u00a0\u00bb desc_fz=\u00a0\u00bblg:12px;\u00a0\u00bb desc_color=\u00a0\u00bb#343538&Prime; desc_class=\u00a0\u00bbtext-uppercase\u00a0\u00bb]613 796-5966[\/la_icon_boxes][\/vc_column_inner][vc_column_inner width=\u00a0\u00bb1\/3&Prime; css=\u00a0\u00bb.vc_custom_1497225312601{padding-right: 0px !important;padding-left: 0px !important;}\u00a0\u00bb][la_icon_boxes icon_type=\u00a0\u00bbla_icon_outline\u00a0\u00bb icon_la_icon_outline=\u00a0\u00bbla-icon ui-1_email-84&Prime; icon_pos=\u00a0\u00bbtop\u00a0\u00bb icon_size=\u00a0\u00bb30&Prime; icon_nucleo_outline=\u00a0\u00bbnc-icon-outline ui-1_email-84&Prime; icon_color=\u00a0\u00bb#343538&Prime; el_class=\u00a0\u00bbtext-center\u00a0\u00bb desc_fz=\u00a0\u00bblg:12px;\u00a0\u00bb desc_color=\u00a0\u00bb#343538&Prime; desc_class=\u00a0\u00bbtext-uppercase\u00a0\u00bb]<a href=\"mailto:info@morettisuits.com\">info@morettisuits.com<\/a>[\/la_icon_boxes][\/vc_column_inner][vc_column_inner width=\u00a0\u00bb1\/3&Prime; css=\u00a0\u00bb.vc_custom_1497225317630{padding-right: 0px !important;padding-left: 0px !important;}\u00a0\u00bb][la_icon_boxes icon_type=\u00a0\u00bbla_icon_outline\u00a0\u00bb icon_la_icon_outline=\u00a0\u00bbla-icon location_pin\u00a0\u00bb icon_pos=\u00a0\u00bbtop\u00a0\u00bb icon_size=\u00a0\u00bb30&Prime; icon_nucleo_outline=\u00a0\u00bbnc-icon-outline location_pin\u00a0\u00bb icon_color=\u00a0\u00bb#343538&Prime; el_class=\u00a0\u00bbtext-center\u00a0\u00bb desc_fz=\u00a0\u00bblg:12px;\u00a0\u00bb desc_color=\u00a0\u00bb#343538&Prime; desc_class=\u00a0\u00bbtext-uppercase\u00a0\u00bb]<strong>Hollywood Suits Inc.<\/strong><br \/>\n9150 Rue Meilleur, Bureau 203<br \/>\nH2N 2A5\u00a0Montr\u00e9al QC<br \/>\nCanada[\/la_icon_boxes][\/vc_column_inner][\/vc_row_inner][la_divider height=\u00a0\u00bblg:20px;\u00a0\u00bb][\/vc_column][\/vc_row]<\/p>","protected":false},"excerpt":{"rendered":"<p>[vc_row full_width=\u00a0\u00bbstretch_row_content\u00a0\u00bb equal_height=\u00a0\u00bbyes\u00a0\u00bb][vc_column width=\u00a0\u00bb1\/2&Prime; css=\u00a0\u00bb.vc_custom_1497225698431{padding-right: 0px !important;padding-left: 0px !important;}\u00a0\u00bb][vc_gmaps link=\u00a0\u00bb#E-8_JTNDaWZyYW1lJTIwc3JjJTNEJTIyaHR0cHMlM0ElMkYlMkZ3d3cuZ29vZ2xlLmNvbSUyRm1hcHMlMkZlbWJlZCUzRnBiJTNEJTIxMW0xOCUyMTFtMTIlMjExbTMlMjExZDU1ODkuMzU1NzkyODg4NzA0JTIxMmQtNzMuNjU1NDQ3MDIzNTA3MzglMjEzZDQ1LjUzNjY4NzAyODU5OTExJTIxMm0zJTIxMWYwJTIxMmYwJTIxM2YwJTIxM20yJTIxMWkxMDI0JTIxMmk3NjglMjE0ZjEzLjElMjEzbTMlMjExbTIlMjExczB4NGNjOTE4ZjAwYTNmZmZmZiUyNTNBMHhlYjU5MGQzNTZhYjIyNmMxJTIxMnNNb3JldHRpJTIxNWUwJTIxM20yJTIxMXNlbiUyMTJzY2ElMjE0djE3MTg2ODE4ODAyMzclMjE1bTIlMjExc2VuJTIxMnNjYSUyMiUyMHdpZHRoJTNEJTIyNjAwJTIyJTIwaGVpZ2h0JTNEJTIyNDUwJTIyJTIwc3R5bGUlM0QlMjJib3JkZXIlM0EwJTNCJTIyJTIwYWxsb3dmdWxsc2NyZWVuJTNEJTIyJTIyJTIwbG9hZGluZyUzRCUyMmxhenklMjIlMjByZWZlcnJlcnBvbGljeSUzRCUyMm5vLXJlZmVycmVyLXdoZW4tZG93bmdyYWRlJTIyJTNFJTNDJTJGaWZyYW1lJTNF\u00a0\u00bb][\/vc_column][vc_column width=\u00a0\u00bb1\/2&Prime; el_class=\u00a0\u00bbmax-width-570&Prime; css=\u00a0\u00bb.vc_custom_1545158851172{padding-right: 50px !important;padding-left: 50px !important;}\u00a0\u00bb][la_heading tag=\u00a0\u00bbh3&Prime; alignment=\u00a0\u00bbleft\u00a0\u00bb spacer=\u00a0\u00bbline\u00a0\u00bb spacer_position=\u00a0\u00bbmiddle\u00a0\u00bb line_height=\u00a0\u00bb2&Prime; line_width=\u00a0\u00bblg:100px;\u00a0\u00bb el_class=\u00a0\u00bbmargin-bottom-50&Prime; line_color=\u00a0\u00bb#dcb875&Prime; title=\u00a0\u00bbFaites-nous savoir ce que vous avez \u00e0 l&rsquo;esprit et nous vous r\u00e9pondrons dans les plus brefs d\u00e9lais !\u00a0\u00bb][\/la_heading][la_divider height=\u00a0\u00bblg:35px;\u00a0\u00bb][vc_row_inner][vc_column_inner width=\u00a0\u00bb1\/3&Prime; css=\u00a0\u00bb.vc_custom_1497225305278{padding-right: 0px !important;padding-left: 0px !important;}\u00a0\u00bb][la_icon_boxes icon_type=\u00a0\u00bbla_icon_outline\u00a0\u00bb icon_la_icon_outline=\u00a0\u00bbla-icon ui-3_phone-call\u00a0\u00bb icon_pos=\u00a0\u00bbtop\u00a0\u00bb icon_size=\u00a0\u00bb30&Prime; icon_nucleo_outline=\u00a0\u00bbnc-icon-outline ui-3_phone-call\u00a0\u00bb icon_color=\u00a0\u00bb#343538&Prime; el_class=\u00a0\u00bbtext-center\u00a0\u00bb desc_fz=\u00a0\u00bblg:12px;\u00a0\u00bb&hellip;<\/p>\n","protected":false},"author":1,"featured_media":0,"parent":0,"menu_order":0,"comment_status":"closed","ping_status":"closed","template":"","meta":[],"_links":{"self":[{"href":"https:\/\/morettisuits.com\/fr\/wp-json\/wp\/v2\/pages\/1299"}],"collection":[{"href":"https:\/\/morettisuits.com\/fr\/wp-json\/wp\/v2\/pages"}],"about":[{"href":"https:\/\/morettisuits.com\/fr\/wp-json\/wp\/v2\/types\/page"}],"author":[{"embeddable":true,"href":"https:\/\/morettisuits.com\/fr\/wp-json\/wp\/v2\/users\/1"}],"replies":[{"embeddable":true,"href":"https:\/\/morettisuits.com\/fr\/wp-json\/wp\/v2\/comments?post=1299"}],"version-history":[{"count":42,"href":"https:\/\/morettisuits.com\/fr\/wp-json\/wp\/v2\/pages\/1299\/revisions"}],"predecessor-version":[{"id":2708,"href":"https:\/\/morettisuits.com\/fr\/wp-json\/wp\/v2\/pages\/1299\/revisions\/2708"}],"wp:attachment":[{"href":"https:\/\/morettisuits.com\/fr\/wp-json\/wp\/v2\/media?parent=1299"}],"curies":[{"name":"wp","href":"https:\/\/api.w.org\/{rel}","templated":true}]}}