{"id":1226,"date":"2018-12-11T04:31:05","date_gmt":"2018-12-11T04:31:05","guid":{"rendered":"https:\/\/morettisuits.com\/?page_id=1226"},"modified":"2021-01-27T04:50:03","modified_gmt":"2021-01-27T04:50:03","slug":"about-us","status":"publish","type":"page","link":"https:\/\/morettisuits.com\/fr\/about-us\/","title":{"rendered":"\u00c0 PROPOS"},"content":{"rendered":"<p>[vc_row][vc_column offset=\u00a0\u00bbvc_col-lg-offset-2 vc_col-lg-8 vc_col-md-offset-1 vc_col-md-10&Prime;][la_divider height=\u00a0\u00bblg:10px;\u00a0\u00bb][la_heading alignment=\u00a0\u00bbleft\u00a0\u00bb spacer=\u00a0\u00bbline\u00a0\u00bb spacer_position=\u00a0\u00bbmiddle\u00a0\u00bb line_height=\u00a0\u00bb2&Prime; title=\u00a0\u00bbLa mode est la vie\u00a0\u00bb line_width=\u00a0\u00bblg:105px;\u00a0\u00bb line_color=\u00a0\u00bb#343538&Prime; title_fz=\u00a0\u00bblg:30px;\u00a0\u00bb subtitle_lh=\u00a0\u00bblg:30px;\u00a0\u00bb line_class=\u00a0\u00bbmargin-top-30 margin-bottom-30&Prime; css=\u00a0\u00bb.vc_custom_1608172922020{margin-bottom: 50px !important;}\u00a0\u00bb]Moretti est une soci\u00e9t\u00e9 sp\u00e9cialis\u00e9e dans la mode masculine, dont les magasins sont situ\u00e9s en Europe. La marque est bien connue en Italie, en Turquie et en Gr\u00e8ce. Moretti est arriv\u00e9 au Canada il y a 12 ans. Nous avons acquis une grande r\u00e9putation dans la mode masculine \u00e0 Montr\u00e9al et acquis une renomm\u00e9e r\u00e9pandue sur le march\u00e9 canadien. La qualit\u00e9 et l&rsquo;authenticit\u00e9 de nos produits, les d\u00e9tails ont toujours \u00e9t\u00e9 nos principes.[\/la_heading][\/vc_column][\/vc_row][vc_row full_width=\u00a0\u00bbstretch_row\u00a0\u00bb css=\u00a0\u00bb.vc_custom_1545086476964{margin-top: 90px !important;padding-bottom: 110px !important;background-image: url(https:\/\/morettisuits.com\/wp-content\/uploads\/2018\/12\/bg_about-us-inner_1920x441.jpg?id=1324) !important;background-position: center !important;background-repeat: no-repeat !important;background-size: cover !important;}\u00a0\u00bb el_class=\u00a0\u00bboverflow-visible\u00a0\u00bb][vc_column offset=\u00a0\u00bbvc_col-lg-offset-2 vc_col-lg-4 vc_col-md-offset-1 vc_col-md-5&Prime; css=\u00a0\u00bb.vc_custom_1611722750369{margin-top: -90px !important;padding-top: 50px !important;padding-bottom: 50px !important;padding-left: 40px !important;background-color: #dcb86c !important;}\u00a0\u00bb][vc_column_text el_class=\u00a0\u00bbfont-size-24 three-font-family font-style-normal text-color-white line-height-40&Prime;]\u00ab Les modes passent,<br \/>\nle style est \u00e9ternel,<br \/>\nla mode est futile,<br \/>\nle style pas. \u00bb<br \/>\n<span style=\"display: inline-block; margin-top: 20px;\">\u00ab Sans \u00e9l\u00e9gance de c\u0153ur,<br \/>\nil n&rsquo;y a pas d&rsquo;\u00e9l\u00e9gance. \u00bb<\/span>[\/vc_column_text][vc_separator color=\u00a0\u00bbwhite\u00a0\u00bb align=\u00a0\u00bbalign_left\u00a0\u00bb border_width=\u00a0\u00bb3&Prime; el_width=\u00a0\u00bb20&Prime; css=\u00a0\u00bb.vc_custom_1611722731569{margin-top: 30px !important;margin-bottom: 30px !important;}\u00a0\u00bb][vc_column_text el_class=\u00a0\u00bbtext-color-white font-size-15 text-uppercase\u00a0\u00bb]<strong>Yves Saint Laurent<\/strong><!-- \u2022 CEO \/ FOUNDER-->[\/vc_column_text][\/vc_column][\/vc_row][vc_row css=\u00a0\u00bb.vc_custom_1496903157416{margin-top: 20px !important;margin-bottom: 50px !important;}\u00a0\u00bb][vc_column offset=\u00a0\u00bbvc_col-lg-offset-2 vc_col-lg-8 vc_col-md-offset-1 vc_col-md-10&Prime;][vc_row_inner][vc_column_inner width=\u00a0\u00bb1\/3&Prime;][la_icon_boxes icon_type=\u00a0\u00bbla_icon_outline\u00a0\u00bb icon_la_icon_outline=\u00a0\u00bbla-icon clothes_needle\u00a0\u00bb icon_pos=\u00a0\u00bbtop\u00a0\u00bb icon_size=\u00a0\u00bb48&Prime; title=\u00a0\u00bbNOTRE MISSION\u00a0\u00bb title_fz=\u00a0\u00bblg:14px;\u00a0\u00bb desc_lh=\u00a0\u00bblg:24px;\u00a0\u00bb desc_fz=\u00a0\u00bblg:12px;\u00a0\u00bb]Accro\u00eetre notre performance sur le march\u00e9 canadien et \u00e9largir la gamme de produits.[\/la_icon_boxes][\/vc_column_inner][vc_column_inner width=\u00a0\u00bb1\/3&Prime;][la_icon_boxes icon_type=\u00a0\u00bbla_icon_outline\u00a0\u00bb icon_la_icon_outline=\u00a0\u00bbla-icon design_measure-17&Prime; icon_pos=\u00a0\u00bbtop\u00a0\u00bb icon_size=\u00a0\u00bb48&Prime; title=\u00a0\u00bbNOTRE VISION\u00a0\u00bb title_fz=\u00a0\u00bblg:14px;\u00a0\u00bb desc_lh=\u00a0\u00bblg:24px;\u00a0\u00bb desc_fz=\u00a0\u00bblg:12px;\u00a0\u00bb]Fournir \u00e0 nos clients des v\u00eatements pour hommes de haute qualit\u00e9. Nous travaillons avec des soci\u00e9t\u00e9s qui produisent des tissus classiques en apportant \u00e0 la fois tradition et style \u00e0 nos costumes.[\/la_icon_boxes][\/vc_column_inner][vc_column_inner width=\u00a0\u00bb1\/3&Prime;][la_icon_boxes icon_type=\u00a0\u00bbla_icon_outline\u00a0\u00bb icon_la_icon_outline=\u00a0\u00bbla-icon clothes_tie-bow\u00a0\u00bb icon_pos=\u00a0\u00bbtop\u00a0\u00bb icon_size=\u00a0\u00bb48&Prime; title=\u00a0\u00bbNOTRE OBJECTIF\u00a0\u00bb title_fz=\u00a0\u00bblg:14px;\u00a0\u00bb desc_lh=\u00a0\u00bblg:24px;\u00a0\u00bb desc_fz=\u00a0\u00bblg:12px;\u00a0\u00bb]Offrir \u00e0 nos clients d&rsquo;excellents services et des produits de haute qualit\u00e9 avec des tissus correspondant aux tendances actuelles du march\u00e9.[\/la_icon_boxes][\/vc_column_inner][\/vc_row_inner][la_divider height=\u00a0\u00bblg:40px;\u00a0\u00bb][vc_row_inner][vc_column_inner width=\u00a0\u00bb1\/3&Prime;][la_icon_boxes icon_type=\u00a0\u00bbla_icon_outline\u00a0\u00bb icon_la_icon_outline=\u00a0\u00bbla-icon business_tie-02&Prime; icon_pos=\u00a0\u00bbtop\u00a0\u00bb icon_size=\u00a0\u00bb48&Prime; title=\u00a0\u00bbNOS VALEURS\u00a0\u00bb title_fz=\u00a0\u00bblg:14px;\u00a0\u00bb desc_lh=\u00a0\u00bblg:24px;\u00a0\u00bb desc_fz=\u00a0\u00bblg:12px;\u00a0\u00bb]\n<ul>\n<li>Services de qualit\u00e9<\/li>\n<li>D\u00e9veloppement continu<\/li>\n<li>Fiabilit\u00e9<\/li>\n<li>Solidit\u00e9 et flexibilit\u00e9<\/li>\n<li>Collaboration<\/li>\n<li>Responsabilit\u00e9<\/li>\n<li>Coh\u00e9rence<\/li>\n<\/ul>\n<p>[\/la_icon_boxes][\/vc_column_inner][vc_column_inner width=\u00a0\u00bb1\/3&Prime;][la_icon_boxes icon_type=\u00a0\u00bbla_icon_outline\u00a0\u00bb icon_la_icon_outline=\u00a0\u00bbla-icon clothes_dress-man\u00a0\u00bb icon_pos=\u00a0\u00bbtop\u00a0\u00bb icon_size=\u00a0\u00bb48&Prime; title=\u00a0\u00bbNOTRE TISSU\u00a0\u00bb title_fz=\u00a0\u00bblg:14px;\u00a0\u00bb desc_lh=\u00a0\u00bblg:24px;\u00a0\u00bb desc_fz=\u00a0\u00bblg:12px;\u00a0\u00bb]Notre principe de base est l\u2019excellence de la qualit\u00e9 de nos costumes. La plupart de nos tissus sont import\u00e9s de Turquie, d&rsquo;Italie et d&rsquo;Allemagne. Les tissus qui constituent nos collections sont \u00e9l\u00e9gants et procurent un r\u00e9confort \u00e0 ceux qui les portent.[\/la_icon_boxes][\/vc_column_inner][vc_column_inner width=\u00a0\u00bb1\/3&Prime;][vc_single_image image=\u00a0\u00bb2077&Prime; img_size=\u00a0\u00bbfull\u00a0\u00bb alignment=\u00a0\u00bbcenter\u00a0\u00bb][\/vc_column_inner][\/vc_row_inner][\/vc_column][\/vc_row][vc_row][vc_column][vc_column_text]<!--[\/vc_column_text][\/vc_column][\/vc_row][vc_row][vc_column width=\"5\/6\" offset=\"vc_col-lg-offset-3 vc_col-lg-6 vc_col-md-offset-2 vc_col-md-8 vc_col-sm-offset-1\"][la_heading spacer=\"line\" spacer_position=\"middle\" line_height=\"1\" title=\"What Clients Say\" line_width=\"lg:50px;\" line_color=\"#9d9d9d\" subtitle_class=\"three-font-family text-color-three font-size-14\"]Sed vitae eros a quam malesuada porttitor nec nec[\/la_heading][la_divider height=\"lg:30px;\"][la_testimonial enable_carousel=\"yes\" scroll_speed=\"1000\" advanced_opts=\"loop,dot\" ids=\"218, 215, 241\" column=\"xlg:1;lg:1;md:1;sm:1;xs:1;mb:1;\"][la_divider height=\"lg:15px;\"][\/vc_column][\/vc_row][vc_row][vc_column][vc_column_text]-->[\/vc_column_text][\/vc_column][\/vc_row]<\/p>","protected":false},"excerpt":{"rendered":"<p>[vc_row][vc_column offset=\u00a0\u00bbvc_col-lg-offset-2 vc_col-lg-8 vc_col-md-offset-1 vc_col-md-10&Prime;][la_divider height=\u00a0\u00bblg:10px;\u00a0\u00bb][la_heading alignment=\u00a0\u00bbleft\u00a0\u00bb spacer=\u00a0\u00bbline\u00a0\u00bb spacer_position=\u00a0\u00bbmiddle\u00a0\u00bb line_height=\u00a0\u00bb2&Prime; title=\u00a0\u00bbLa mode est la vie\u00a0\u00bb line_width=\u00a0\u00bblg:105px;\u00a0\u00bb line_color=\u00a0\u00bb#343538&Prime; title_fz=\u00a0\u00bblg:30px;\u00a0\u00bb subtitle_lh=\u00a0\u00bblg:30px;\u00a0\u00bb line_class=\u00a0\u00bbmargin-top-30 margin-bottom-30&Prime; css=\u00a0\u00bb.vc_custom_1608172922020{margin-bottom: 50px !important;}\u00a0\u00bb]Moretti est une soci\u00e9t\u00e9 sp\u00e9cialis\u00e9e dans la mode masculine, dont les magasins sont situ\u00e9s en Europe. La marque est bien connue en Italie, en Turquie et en Gr\u00e8ce. Moretti est arriv\u00e9 au Canada il y a 12&hellip;<\/p>\n","protected":false},"author":1,"featured_media":0,"parent":0,"menu_order":0,"comment_status":"closed","ping_status":"closed","template":"","meta":[],"_links":{"self":[{"href":"https:\/\/morettisuits.com\/fr\/wp-json\/wp\/v2\/pages\/1226"}],"collection":[{"href":"https:\/\/morettisuits.com\/fr\/wp-json\/wp\/v2\/pages"}],"about":[{"href":"https:\/\/morettisuits.com\/fr\/wp-json\/wp\/v2\/types\/page"}],"author":[{"embeddable":true,"href":"https:\/\/morettisuits.com\/fr\/wp-json\/wp\/v2\/users\/1"}],"replies":[{"embeddable":true,"href":"https:\/\/morettisuits.com\/fr\/wp-json\/wp\/v2\/comments?post=1226"}],"version-history":[{"count":51,"href":"https:\/\/morettisuits.com\/fr\/wp-json\/wp\/v2\/pages\/1226\/revisions"}],"predecessor-version":[{"id":2085,"href":"https:\/\/morettisuits.com\/fr\/wp-json\/wp\/v2\/pages\/1226\/revisions\/2085"}],"wp:attachment":[{"href":"https:\/\/morettisuits.com\/fr\/wp-json\/wp\/v2\/media?parent=1226"}],"curies":[{"name":"wp","href":"https:\/\/api.w.org\/{rel}","templated":true}]}}